{"id":2628,"date":"2020-12-02T07:44:14","date_gmt":"2020-12-02T07:44:14","guid":{"rendered":"https:\/\/www.kappadata.be\/?page_id=2628"},"modified":"2025-06-05T15:33:13","modified_gmt":"2025-06-05T13:33:13","slug":"life-at-kappa-data","status":"publish","type":"page","link":"https:\/\/www.kappadata.be\/fr\/a-propos-de-nous\/life-at-kappa-data\/","title":{"rendered":"Life at Kappa Data"},"content":{"rendered":"<div class=\"wpb-content-wrapper\"><p>[vc_row css_animation=\u00a0\u00bb\u00a0\u00bb row_type=\u00a0\u00bbrow\u00a0\u00bb use_row_as_full_screen_section=\u00a0\u00bbno\u00a0\u00bb type=\u00a0\u00bbfull_width\u00a0\u00bb angled_section=\u00a0\u00bbno\u00a0\u00bb text_align=\u00a0\u00bbleft\u00a0\u00bb background_image_as_pattern=\u00a0\u00bbwithout_pattern\u00a0\u00bb css=\u00a0\u00bb.vc_custom_1672664690977{background-image: url(https:\/\/www.kappadata.be\/wp-content\/uploads\/2022\/11\/Fotos-banners-overlay-05.jpg?id=13248) !important;}\u00a0\u00bb z_index=\u00a0\u00bb\u00a0\u00bb][vc_column][qode_elements_holder number_of_columns=\u00a0\u00bbone_column\u00a0\u00bb][qode_elements_holder_item advanced_animations=\u00a0\u00bbno\u00a0\u00bb item_padding=\u00a0\u00bb5% 10% 10% 10%\u00a0\u00bb][vc_column_text]<\/p>\n<h1>Life at Kappa Data<\/h1>\n<p>[\/vc_column_text][vc_empty_space height=\u00a0\u00bb80px\u00a0\u00bb el_class=\u00a0\u00bbonlyphone\u00a0\u00bb][\/qode_elements_holder_item][\/qode_elements_holder][\/vc_column][\/vc_row][vc_row css_animation=\u00a0\u00bb\u00a0\u00bb row_type=\u00a0\u00bbrow\u00a0\u00bb use_row_as_full_screen_section=\u00a0\u00bbno\u00a0\u00bb type=\u00a0\u00bbfull_width\u00a0\u00bb angled_section=\u00a0\u00bbno\u00a0\u00bb text_align=\u00a0\u00bbleft\u00a0\u00bb background_image_as_pattern=\u00a0\u00bbwithout_pattern\u00a0\u00bb][vc_column css=\u00a0\u00bb.vc_custom_1596567247155{margin-top: -75px !important;}\u00a0\u00bb][vc_row_inner row_type=\u00a0\u00bbrow\u00a0\u00bb type=\u00a0\u00bbgrid\u00a0\u00bb text_align=\u00a0\u00bbleft\u00a0\u00bb css_animation=\u00a0\u00bbelement_from_right\u00a0\u00bb transition_delay=\u00a0\u00bb200&Prime;][vc_column_inner css=\u00a0\u00bb.vc_custom_1596567267910{border-left-width: 5px !important;background-color: #ffffff !important;border-left-color: #c1d82f !important;border-left-style: solid !important;}\u00a0\u00bb][vc_empty_space height=\u00a0\u00bb25px\u00a0\u00bb][vc_column_text css=\u00a0\u00bb.vc_custom_1720508775759{padding-right: 10% !important;padding-left: 10% !important;}\u00a0\u00bb]Kappa Data a \u00e9t\u00e9 fond\u00e9e en 1998 (la m\u00eame ann\u00e9e que <a href=\"https:\/\/blog.google\/inside-google\/company-announcements\/google-25th-birthday\/\">Google<\/a> !) par Patrick, <strong>par passion pour le secteur<\/strong>. Avec Chris Willems, copropri\u00e9taire depuis 2011, ils transmettent d\u00e9sormais cette passion \u00e0 toute l&rsquo;\u00e9quipe. Tous les coll\u00e8gues de Kappa Data partagent une saine envie d\u2019aller de l\u2019avant. Ensemble, nous mettons tout en \u0153uvre pour atteindre le prochain objectif, aussi bien interne que pour <a href=\"https:\/\/www.kappadata.be\/fr\/fournisseurs\/\">nos clients<\/a>.<\/p>\n<p><strong>L&rsquo;esprit d&rsquo;\u00e9quipe<\/strong> est donc extr\u00eamement important chez Kappa Data. Vous collaborez avec votre \u00e9quipe tous les jours. C&rsquo;est le meilleur moyen d\u2019apprendre \u00e0 se connaitre. Au bout du compte, tout le monde y gagne : vous, votre \u00e9quipe, le client et Kappa Data. Nous prenons aussi beaucoup de plaisir \u00e0 travailler avec des coll\u00e8gues qui deviennent tr\u00e8s vite de bons amis. Nous travaillons dur, mais nous prenons toujours le temps de souffler un coup. C&rsquo;est<em> life at Kappa Data<\/em>.<\/p>\n<p>Nous sommes une entreprise <strong>ambitieuse<\/strong> et nous essayons de transmettre cette ambition autant que possible \u00e0 tous les employ\u00e9s internes. Chez Kappa Data, des perspectives d\u2019\u00e9volution s\u2019offrent \u00e0 vous ! Vous avez une bonne id\u00e9e ? Si c\u2019est le cas, vous pouvez toujours <strong>la mettre en pratique<\/strong>. Aucun d\u00e9fi n&rsquo;est trop grand pour nous. Il en va de m\u00eame pour nos clients : nous pers\u00e9v\u00e9rons jusqu&rsquo;\u00e0 ce que l\u2019on trouve la bonne solution ![\/vc_column_text][vc_empty_space height=\u00a0\u00bb100px\u00a0\u00bb][\/vc_column_inner][\/vc_row_inner][vc_row_inner row_type=\u00a0\u00bbrow\u00a0\u00bb type=\u00a0\u00bbfull_width\u00a0\u00bb text_align=\u00a0\u00bbleft\u00a0\u00bb css_animation=\u00a0\u00bbelement_from_right\u00a0\u00bb transition_delay=\u00a0\u00bb200&Prime;][vc_column_inner width=\u00a0\u00bb1\/6&Prime;][\/vc_column_inner][vc_column_inner width=\u00a0\u00bb2\/3&Prime; css=\u00a0\u00bb.vc_custom_1596567601067{margin-top: -50px !important;}\u00a0\u00bb][vc_gallery type=\u00a0\u00bbimage_grid\u00a0\u00bb images=\u00a0\u00bb21223,21232,21404&Prime; img_size=\u00a0\u00bbfull\u00a0\u00bb onclick=\u00a0\u00bb\u00a0\u00bb column_number=\u00a0\u00bb3&Prime; grayscale=\u00a0\u00bbyes\u00a0\u00bb images_space=\u00a0\u00bbgallery_with_space\u00a0\u00bb][\/vc_column_inner][vc_column_inner width=\u00a0\u00bb1\/6&Prime;][\/vc_column_inner][\/vc_row_inner][vc_empty_space height=\u00a0\u00bb20px\u00a0\u00bb][vc_row_inner row_type=\u00a0\u00bbrow\u00a0\u00bb type=\u00a0\u00bbfull_width\u00a0\u00bb text_align=\u00a0\u00bbleft\u00a0\u00bb css_animation=\u00a0\u00bbelement_from_right\u00a0\u00bb transition_delay=\u00a0\u00bb200&Prime;][vc_column_inner width=\u00a0\u00bb1\/6&Prime;][\/vc_column_inner][vc_column_inner width=\u00a0\u00bb2\/3&Prime; css=\u00a0\u00bb.vc_custom_1596567601067{margin-top: -50px !important;}\u00a0\u00bb][vc_gallery type=\u00a0\u00bbimage_grid\u00a0\u00bb images=\u00a0\u00bb21235,21250,21398&Prime; img_size=\u00a0\u00bbfull\u00a0\u00bb onclick=\u00a0\u00bb\u00a0\u00bb column_number=\u00a0\u00bb3&Prime; grayscale=\u00a0\u00bbyes\u00a0\u00bb images_space=\u00a0\u00bbgallery_with_space\u00a0\u00bb][\/vc_column_inner][vc_column_inner width=\u00a0\u00bb1\/6&Prime;][\/vc_column_inner][\/vc_row_inner][vc_empty_space height=\u00a0\u00bb20px\u00a0\u00bb][vc_row_inner row_type=\u00a0\u00bbrow\u00a0\u00bb type=\u00a0\u00bbfull_width\u00a0\u00bb text_align=\u00a0\u00bbleft\u00a0\u00bb css_animation=\u00a0\u00bbelement_from_right\u00a0\u00bb transition_delay=\u00a0\u00bb200&Prime;][vc_column_inner width=\u00a0\u00bb1\/6&Prime;][\/vc_column_inner][vc_column_inner width=\u00a0\u00bb2\/3&Prime; css=\u00a0\u00bb.vc_custom_1596567601067{margin-top: -50px !important;}\u00a0\u00bb][vc_gallery type=\u00a0\u00bbimage_grid\u00a0\u00bb images=\u00a0\u00bb20577,20563,20571&Prime; img_size=\u00a0\u00bbfull\u00a0\u00bb onclick=\u00a0\u00bb\u00a0\u00bb column_number=\u00a0\u00bb3&Prime; grayscale=\u00a0\u00bbyes\u00a0\u00bb images_space=\u00a0\u00bbgallery_with_space\u00a0\u00bb][\/vc_column_inner][vc_column_inner width=\u00a0\u00bb1\/6&Prime;][\/vc_column_inner][\/vc_row_inner][vc_empty_space height=\u00a0\u00bb20px\u00a0\u00bb][vc_row_inner row_type=\u00a0\u00bbrow\u00a0\u00bb type=\u00a0\u00bbfull_width\u00a0\u00bb text_align=\u00a0\u00bbleft\u00a0\u00bb css_animation=\u00a0\u00bbelement_from_right\u00a0\u00bb transition_delay=\u00a0\u00bb200&Prime;][vc_column_inner width=\u00a0\u00bb1\/6&Prime;][\/vc_column_inner][vc_column_inner width=\u00a0\u00bb2\/3&Prime; css=\u00a0\u00bb.vc_custom_1596567601067{margin-top: -50px !important;}\u00a0\u00bb][vc_gallery type=\u00a0\u00bbimage_grid\u00a0\u00bb images=\u00a0\u00bb20528,20522,20547&Prime; img_size=\u00a0\u00bbfull\u00a0\u00bb onclick=\u00a0\u00bb\u00a0\u00bb column_number=\u00a0\u00bb3&Prime; grayscale=\u00a0\u00bbyes\u00a0\u00bb images_space=\u00a0\u00bbgallery_with_space\u00a0\u00bb][\/vc_column_inner][vc_column_inner width=\u00a0\u00bb1\/6&Prime;][\/vc_column_inner][\/vc_row_inner][vc_empty_space height=\u00a0\u00bb20px\u00a0\u00bb][vc_row_inner row_type=\u00a0\u00bbrow\u00a0\u00bb type=\u00a0\u00bbfull_width\u00a0\u00bb text_align=\u00a0\u00bbleft\u00a0\u00bb css_animation=\u00a0\u00bbelement_from_right\u00a0\u00bb transition_delay=\u00a0\u00bb200&Prime;][vc_column_inner width=\u00a0\u00bb1\/6&Prime;][\/vc_column_inner][vc_column_inner width=\u00a0\u00bb2\/3&Prime; css=\u00a0\u00bb.vc_custom_1596567601067{margin-top: -50px !important;}\u00a0\u00bb][vc_gallery type=\u00a0\u00bbimage_grid\u00a0\u00bb images=\u00a0\u00bb20525,20519,20539&Prime; img_size=\u00a0\u00bbfull\u00a0\u00bb onclick=\u00a0\u00bb\u00a0\u00bb column_number=\u00a0\u00bb3&Prime; grayscale=\u00a0\u00bbyes\u00a0\u00bb images_space=\u00a0\u00bbgallery_with_space\u00a0\u00bb][\/vc_column_inner][vc_column_inner width=\u00a0\u00bb1\/6&Prime;][\/vc_column_inner][\/vc_row_inner][\/vc_column][\/vc_row][vc_row css_animation=\u00a0\u00bb\u00a0\u00bb row_type=\u00a0\u00bbrow\u00a0\u00bb use_row_as_full_screen_section=\u00a0\u00bbno\u00a0\u00bb type=\u00a0\u00bbfull_width\u00a0\u00bb angled_section=\u00a0\u00bbno\u00a0\u00bb text_align=\u00a0\u00bbleft\u00a0\u00bb background_image_as_pattern=\u00a0\u00bbwithout_pattern\u00a0\u00bb][vc_column][vc_empty_space height=\u00a0\u00bb40px\u00a0\u00bb][\/vc_column][\/vc_row]<\/p>\n<\/div>","protected":false},"excerpt":{"rendered":"<p>[vc_row css_animation=\u00a0\u00bb\u00a0\u00bb row_type=\u00a0\u00bbrow\u00a0\u00bb use_row_as_full_screen_section=\u00a0\u00bbno\u00a0\u00bb type=\u00a0\u00bbfull_width\u00a0\u00bb angled_section=\u00a0\u00bbno\u00a0\u00bb text_align=\u00a0\u00bbleft\u00a0\u00bb background_image_as_pattern=\u00a0\u00bbwithout_pattern\u00a0\u00bb css=\u00a0\u00bb.vc_custom_1672664690977{background-image: url(https:\/\/www.kappadata.be\/wp-content\/uploads\/2022\/11\/Fotos-banners-overlay-05.jpg?id=13248) !important;}\u00a0\u00bb z_index=\u00a0\u00bb\u00a0\u00bb][vc_column][qode_elements_holder number_of_columns=\u00a0\u00bbone_column\u00a0\u00bb][qode_elements_holder_item advanced_animations=\u00a0\u00bbno\u00a0\u00bb item_padding=\u00a0\u00bb5% 10% 10% 10%\u00a0\u00bb][vc_column_text] Life at Kappa Data [\/vc_column_text][vc_empty_space height=\u00a0\u00bb80px\u00a0\u00bb el_class=\u00a0\u00bbonlyphone\u00a0\u00bb][\/qode_elements_holder_item][\/qode_elements_holder][\/vc_column][\/vc_row][vc_row css_animation=\u00a0\u00bb\u00a0\u00bb row_type=\u00a0\u00bbrow\u00a0\u00bb use_row_as_full_screen_section=\u00a0\u00bbno\u00a0\u00bb type=\u00a0\u00bbfull_width\u00a0\u00bb angled_section=\u00a0\u00bbno\u00a0\u00bb text_align=\u00a0\u00bbleft\u00a0\u00bb background_image_as_pattern=\u00a0\u00bbwithout_pattern\u00a0\u00bb][vc_column css=\u00a0\u00bb.vc_custom_1596567247155{margin-top: -75px !important;}\u00a0\u00bb][vc_row_inner row_type=\u00a0\u00bbrow\u00a0\u00bb type=\u00a0\u00bbgrid\u00a0\u00bb text_align=\u00a0\u00bbleft\u00a0\u00bb css_animation=\u00a0\u00bbelement_from_right\u00a0\u00bb transition_delay=\u00a0\u00bb200&Prime;][vc_column_inner css=\u00a0\u00bb.vc_custom_1596567267910{border-left-width: 5px !important;background-color: #ffffff !important;border-left-color:&#8230;<\/p>\n","protected":false},"author":4,"featured_media":0,"parent":2420,"menu_order":0,"comment_status":"closed","ping_status":"closed","template":"full_width.php","meta":{"_acf_changed":false,"footnotes":""},"class_list":["post-2628","page","type-page","status-publish","hentry"],"acf":[],"yoast_head":"<!-- This site is optimized with the Yoast SEO plugin v27.3 - https:\/\/yoast.com\/product\/yoast-seo-wordpress\/ -->\n<title>Life at Kappa Data | Solutions de r\u00e9seau, de s\u00e9curit\u00e9 et d&#039;IdO<\/title>\n<meta name=\"description\" content=\"Life at Kappa Data ? C&#039;est donner le meilleur de soi-m\u00eame chaque jour, mais aussi avoir l\u2019occasion de rire et d\u2019apprendre.\" \/>\n<meta name=\"robots\" content=\"index, follow, max-snippet:-1, max-image-preview:large, max-video-preview:-1\" \/>\n<link rel=\"canonical\" href=\"https:\/\/www.kappadata.be\/fr\/a-propos-de-nous\/life-at-kappa-data\/\" \/>\n<meta property=\"og:locale\" content=\"fr_FR\" \/>\n<meta property=\"og:type\" content=\"article\" \/>\n<meta property=\"og:title\" content=\"Life at Kappa Data | Solutions de r\u00e9seau, de s\u00e9curit\u00e9 et d&#039;IdO\" \/>\n<meta property=\"og:description\" content=\"Life at Kappa Data ? C&#039;est donner le meilleur de soi-m\u00eame chaque jour, mais aussi avoir l\u2019occasion de rire et d\u2019apprendre.\" \/>\n<meta property=\"og:url\" content=\"https:\/\/www.kappadata.be\/fr\/a-propos-de-nous\/life-at-kappa-data\/\" \/>\n<meta property=\"og:site_name\" content=\"info@lincelot.com\" \/>\n<meta property=\"article:modified_time\" content=\"2025-06-05T13:33:13+00:00\" \/>\n<meta name=\"twitter:card\" content=\"summary_large_image\" \/>\n<meta name=\"twitter:label1\" content=\"Dur\u00e9e de lecture estim\u00e9e\" \/>\n\t<meta name=\"twitter:data1\" content=\"2 minutes\" \/>\n<script type=\"application\/ld+json\" class=\"yoast-schema-graph\">{\"@context\":\"https:\\\/\\\/schema.org\",\"@graph\":[{\"@type\":\"WebPage\",\"@id\":\"https:\\\/\\\/www.kappadata.be\\\/fr\\\/a-propos-de-nous\\\/life-at-kappa-data\\\/\",\"url\":\"https:\\\/\\\/www.kappadata.be\\\/fr\\\/a-propos-de-nous\\\/life-at-kappa-data\\\/\",\"name\":\"Life at Kappa Data | Solutions de r\u00e9seau, de s\u00e9curit\u00e9 et d'IdO\",\"isPartOf\":{\"@id\":\"https:\\\/\\\/www.kappadata.be\\\/#website\"},\"datePublished\":\"2020-12-02T07:44:14+00:00\",\"dateModified\":\"2025-06-05T13:33:13+00:00\",\"description\":\"Life at Kappa Data ? C'est donner le meilleur de soi-m\u00eame chaque jour, mais aussi avoir l\u2019occasion de rire et d\u2019apprendre.\",\"breadcrumb\":{\"@id\":\"https:\\\/\\\/www.kappadata.be\\\/fr\\\/a-propos-de-nous\\\/life-at-kappa-data\\\/#breadcrumb\"},\"inLanguage\":\"fr-FR\",\"potentialAction\":[{\"@type\":\"ReadAction\",\"target\":[\"https:\\\/\\\/www.kappadata.be\\\/fr\\\/a-propos-de-nous\\\/life-at-kappa-data\\\/\"]}]},{\"@type\":\"BreadcrumbList\",\"@id\":\"https:\\\/\\\/www.kappadata.be\\\/fr\\\/a-propos-de-nous\\\/life-at-kappa-data\\\/#breadcrumb\",\"itemListElement\":[{\"@type\":\"ListItem\",\"position\":1,\"name\":\"Home\",\"item\":\"https:\\\/\\\/www.kappadata.be\\\/fr\\\/\"},{\"@type\":\"ListItem\",\"position\":2,\"name\":\"\u00c0 propos de nous\",\"item\":\"https:\\\/\\\/www.kappadata.be\\\/fr\\\/a-propos-de-nous\\\/\"},{\"@type\":\"ListItem\",\"position\":3,\"name\":\"Life at Kappa Data\"}]},{\"@type\":\"WebSite\",\"@id\":\"https:\\\/\\\/www.kappadata.be\\\/#website\",\"url\":\"https:\\\/\\\/www.kappadata.be\\\/\",\"name\":\"info@lincelot.com\",\"description\":\"The Art of IT-infrastucture, security an IoT distribution\",\"potentialAction\":[{\"@type\":\"SearchAction\",\"target\":{\"@type\":\"EntryPoint\",\"urlTemplate\":\"https:\\\/\\\/www.kappadata.be\\\/?s={search_term_string}\"},\"query-input\":{\"@type\":\"PropertyValueSpecification\",\"valueRequired\":true,\"valueName\":\"search_term_string\"}}],\"inLanguage\":\"fr-FR\"}]}<\/script>\n<!-- \/ Yoast SEO plugin. -->","yoast_head_json":{"title":"Life at Kappa Data | Solutions de r\u00e9seau, de s\u00e9curit\u00e9 et d'IdO","description":"Life at Kappa Data ? C'est donner le meilleur de soi-m\u00eame chaque jour, mais aussi avoir l\u2019occasion de rire et d\u2019apprendre.","robots":{"index":"index","follow":"follow","max-snippet":"max-snippet:-1","max-image-preview":"max-image-preview:large","max-video-preview":"max-video-preview:-1"},"canonical":"https:\/\/www.kappadata.be\/fr\/a-propos-de-nous\/life-at-kappa-data\/","og_locale":"fr_FR","og_type":"article","og_title":"Life at Kappa Data | Solutions de r\u00e9seau, de s\u00e9curit\u00e9 et d'IdO","og_description":"Life at Kappa Data ? C'est donner le meilleur de soi-m\u00eame chaque jour, mais aussi avoir l\u2019occasion de rire et d\u2019apprendre.","og_url":"https:\/\/www.kappadata.be\/fr\/a-propos-de-nous\/life-at-kappa-data\/","og_site_name":"info@lincelot.com","article_modified_time":"2025-06-05T13:33:13+00:00","twitter_card":"summary_large_image","twitter_misc":{"Dur\u00e9e de lecture estim\u00e9e":"2 minutes"},"schema":{"@context":"https:\/\/schema.org","@graph":[{"@type":"WebPage","@id":"https:\/\/www.kappadata.be\/fr\/a-propos-de-nous\/life-at-kappa-data\/","url":"https:\/\/www.kappadata.be\/fr\/a-propos-de-nous\/life-at-kappa-data\/","name":"Life at Kappa Data | Solutions de r\u00e9seau, de s\u00e9curit\u00e9 et d'IdO","isPartOf":{"@id":"https:\/\/www.kappadata.be\/#website"},"datePublished":"2020-12-02T07:44:14+00:00","dateModified":"2025-06-05T13:33:13+00:00","description":"Life at Kappa Data ? C'est donner le meilleur de soi-m\u00eame chaque jour, mais aussi avoir l\u2019occasion de rire et d\u2019apprendre.","breadcrumb":{"@id":"https:\/\/www.kappadata.be\/fr\/a-propos-de-nous\/life-at-kappa-data\/#breadcrumb"},"inLanguage":"fr-FR","potentialAction":[{"@type":"ReadAction","target":["https:\/\/www.kappadata.be\/fr\/a-propos-de-nous\/life-at-kappa-data\/"]}]},{"@type":"BreadcrumbList","@id":"https:\/\/www.kappadata.be\/fr\/a-propos-de-nous\/life-at-kappa-data\/#breadcrumb","itemListElement":[{"@type":"ListItem","position":1,"name":"Home","item":"https:\/\/www.kappadata.be\/fr\/"},{"@type":"ListItem","position":2,"name":"\u00c0 propos de nous","item":"https:\/\/www.kappadata.be\/fr\/a-propos-de-nous\/"},{"@type":"ListItem","position":3,"name":"Life at Kappa Data"}]},{"@type":"WebSite","@id":"https:\/\/www.kappadata.be\/#website","url":"https:\/\/www.kappadata.be\/","name":"info@lincelot.com","description":"The Art of IT-infrastucture, security an IoT distribution","potentialAction":[{"@type":"SearchAction","target":{"@type":"EntryPoint","urlTemplate":"https:\/\/www.kappadata.be\/?s={search_term_string}"},"query-input":{"@type":"PropertyValueSpecification","valueRequired":true,"valueName":"search_term_string"}}],"inLanguage":"fr-FR"}]}},"_links":{"self":[{"href":"https:\/\/www.kappadata.be\/fr\/wp-json\/wp\/v2\/pages\/2628","targetHints":{"allow":["GET"]}}],"collection":[{"href":"https:\/\/www.kappadata.be\/fr\/wp-json\/wp\/v2\/pages"}],"about":[{"href":"https:\/\/www.kappadata.be\/fr\/wp-json\/wp\/v2\/types\/page"}],"author":[{"embeddable":true,"href":"https:\/\/www.kappadata.be\/fr\/wp-json\/wp\/v2\/users\/4"}],"replies":[{"embeddable":true,"href":"https:\/\/www.kappadata.be\/fr\/wp-json\/wp\/v2\/comments?post=2628"}],"version-history":[{"count":13,"href":"https:\/\/www.kappadata.be\/fr\/wp-json\/wp\/v2\/pages\/2628\/revisions"}],"predecessor-version":[{"id":22945,"href":"https:\/\/www.kappadata.be\/fr\/wp-json\/wp\/v2\/pages\/2628\/revisions\/22945"}],"up":[{"embeddable":true,"href":"https:\/\/www.kappadata.be\/fr\/wp-json\/wp\/v2\/pages\/2420"}],"wp:attachment":[{"href":"https:\/\/www.kappadata.be\/fr\/wp-json\/wp\/v2\/media?parent=2628"}],"curies":[{"name":"wp","href":"https:\/\/api.w.org\/{rel}","templated":true}]}}