{"id":1992,"date":"2020-11-23T15:16:20","date_gmt":"2020-11-23T15:16:20","guid":{"rendered":"https:\/\/www.kappadata.be\/?page_id=1992"},"modified":"2025-06-10T14:54:29","modified_gmt":"2025-06-10T12:54:29","slug":"solutions","status":"publish","type":"page","link":"https:\/\/www.kappadata.be\/fr\/solutions\/","title":{"rendered":"Solutions IT"},"content":{"rendered":"<div class=\"wpb-content-wrapper\"><p>[vc_row css_animation=\u00a0\u00bb\u00a0\u00bb row_type=\u00a0\u00bbrow\u00a0\u00bb use_row_as_full_screen_section=\u00a0\u00bbno\u00a0\u00bb type=\u00a0\u00bbfull_width\u00a0\u00bb angled_section=\u00a0\u00bbno\u00a0\u00bb text_align=\u00a0\u00bbleft\u00a0\u00bb background_image_as_pattern=\u00a0\u00bbwithout_pattern\u00a0\u00bb css=\u00a0\u00bb.vc_custom_1672662622829{background-image: url(https:\/\/www.kappadata.be\/wp-content\/uploads\/2022\/11\/Fotos-banners-overlay-01.jpg?id=13236) !important;}\u00a0\u00bb z_index=\u00a0\u00bb\u00a0\u00bb][vc_column][qode_elements_holder number_of_columns=\u00a0\u00bbone_column\u00a0\u00bb][qode_elements_holder_item advanced_animations=\u00a0\u00bbno\u00a0\u00bb item_padding=\u00a0\u00bb5% 10% 10% 10%\u00a0\u00bb][vc_column_text]<\/p>\n<h1>Solutions IT<\/h1>\n<p>[\/vc_column_text][vc_column_text]<span style=\"color: #ffffff;\">Kappa Data offre des solutions IT <strong>fiables et innovantes<\/strong> en mati\u00e8re de mise en r\u00e9seau, de s\u00e9curit\u00e9 et d\u2019internet des objets, tant pour les PME que pour les grandes entreprises. En tant que distributeur \u00e0 valeur ajout\u00e9e, nous r\u00e9fl\u00e9chissons \u00e9galement avec vous aux d\u00e9fis qu\u2019impliquent la pr\u00e9vente, le marketing et la logistique.<\/span>[\/vc_column_text][vc_empty_space height=\u00a0\u00bb80px\u00a0\u00bb el_class=\u00a0\u00bbonlyphone\u00a0\u00bb][\/qode_elements_holder_item][\/qode_elements_holder][\/vc_column][\/vc_row][vc_row css_animation=\u00a0\u00bb\u00a0\u00bb row_type=\u00a0\u00bbrow\u00a0\u00bb use_row_as_full_screen_section=\u00a0\u00bbno\u00a0\u00bb type=\u00a0\u00bbgrid\u00a0\u00bb angled_section=\u00a0\u00bbno\u00a0\u00bb text_align=\u00a0\u00bbleft\u00a0\u00bb background_image_as_pattern=\u00a0\u00bbwithout_pattern\u00a0\u00bb z_index=\u00a0\u00bb\u00a0\u00bb background_color=\u00a0\u00bb#ffffff\u00a0\u00bb padding_top=\u00a0\u00bb20&Prime;][vc_column][vc_row_inner row_type=\u00a0\u00bbrow\u00a0\u00bb type=\u00a0\u00bbfull_width\u00a0\u00bb text_align=\u00a0\u00bbleft\u00a0\u00bb css_animation=\u00a0\u00bb\u00a0\u00bb padding_bottom=\u00a0\u00bb30&Prime;][vc_column_inner el_class=\u00a0\u00bboplossing1&Prime; width=\u00a0\u00bb1\/4&Prime;][vc_empty_space height=\u00a0\u00bb30px\u00a0\u00bb el_class=\u00a0\u00bbonlyphone\u00a0\u00bb][qode_elements_holder background_color=\u00a0\u00bb#f6f6f6&Prime; number_of_columns=\u00a0\u00bbone_column\u00a0\u00bb custom_class=\u00a0\u00bbcard\u00a0\u00bb][qode_elements_holder_item vertical_alignment=\u00a0\u00bbtop\u00a0\u00bb horizontal_alignment=\u00a0\u00bbcenter\u00a0\u00bb advanced_animations=\u00a0\u00bbno\u00a0\u00bb item_padding=\u00a0\u00bb20px\u00a0\u00bb][vc_empty_space height=\u00a0\u00bb20px\u00a0\u00bb]<div class=\"image_hover \" data-transition-delay=\"\"><div class=\"images_holder\"><a itemprop=\"url\" href=\"\/fr\/solutions\/infrastructuredereseau\/\" target=\"_self\"><img decoding=\"async\" itemprop=\"image\" class=\"active_image \" src=\"https:\/\/www.kappadata.be\/wp-content\/uploads\/2020\/10\/database-1.png\" alt=\"Database\" style=\"\" \/><img decoding=\"async\" itemprop=\"image\" class=\"hover_image\" src=\"https:\/\/www.kappadata.be\/wp-content\/uploads\/2020\/10\/database.png\" alt=\"Database\" style=\"\" \/><\/a><\/div><\/div>[vc_empty_space height=\u00a0\u00bb20px\u00a0\u00bb][vc_column_text]<\/p>\n<h3><a href=\"\/fr\/solutions\/infrastructuredereseau\/\">Infrastructure de r\u00e9seau<\/a><\/h3>\n<p>[\/vc_column_text][vc_column_text]La plupart des entreprises d\u00e9pendent d\u2019une bonne infrastructure de r\u00e9seau pour connecter les personnes internes et externes entre elles. Nous fournissons toutes nos solutions de r\u00e9seau avec le mat\u00e9riel et logiciels informatiques adapt\u00e9s \u00e0 votre entreprises ou vos clients. D\u00e9couvrez ici la solution qui vous convient parfaitement.<\/p>\n<ul>\n<li><a href=\"\/fr\/solutions\/infrastructuredereseau\/wifi\/\">Wi-Fi<\/a><\/li>\n<li><a href=\"\/fr\/solutions\/infrastructuredereseau\/commutation\/\">Commutation<\/a><\/li>\n<li><a href=\"\/fr\/solutions\/infrastructuredereseau\/routage\/\">Routage<\/a><\/li>\n<li><a href=\"\/fr\/solutions\/infrastructuredereseau\/sauvegarde\/\">Sauvegarde<\/a><\/li>\n<\/ul>\n<p>[\/vc_column_text]<a  itemprop=\"url\" href=\"\/fr\/solutions\/infrastructuredereseau\/\" target=\"_self\"  class=\"qbutton  center default\" style=\"\">Lire plus<\/a>[vc_empty_space height=\u00a0\u00bb20px\u00a0\u00bb][\/qode_elements_holder_item][\/qode_elements_holder][\/vc_column_inner][vc_column_inner el_class=\u00a0\u00bboplossing2&Prime; width=\u00a0\u00bb1\/4&Prime;][vc_empty_space height=\u00a0\u00bb30px\u00a0\u00bb el_class=\u00a0\u00bbonlyphone\u00a0\u00bb][qode_elements_holder background_color=\u00a0\u00bb#f6f6f6&Prime; number_of_columns=\u00a0\u00bbone_column\u00a0\u00bb custom_class=\u00a0\u00bbcard\u00a0\u00bb][qode_elements_holder_item vertical_alignment=\u00a0\u00bbtop\u00a0\u00bb horizontal_alignment=\u00a0\u00bbcenter\u00a0\u00bb advanced_animations=\u00a0\u00bbno\u00a0\u00bb item_padding=\u00a0\u00bb20px\u00a0\u00bb][vc_empty_space height=\u00a0\u00bb20px\u00a0\u00bb]<div class=\"image_hover \" data-transition-delay=\"\"><div class=\"images_holder\"><a itemprop=\"url\" href=\"\/fr\/solutions\/securiteinformatique\/\" target=\"_self\"><img decoding=\"async\" itemprop=\"image\" class=\"active_image \" src=\"https:\/\/www.kappadata.be\/wp-content\/uploads\/2020\/10\/shield.png\" alt=\"Security Shield\" style=\"\" \/><img decoding=\"async\" itemprop=\"image\" class=\"hover_image\" src=\"https:\/\/www.kappadata.be\/wp-content\/uploads\/2020\/10\/shield-1.png\" alt=\"Security Shield\" style=\"\" \/><\/a><\/div><\/div>[vc_empty_space height=\u00a0\u00bb20px\u00a0\u00bb][vc_column_text]<\/p>\n<h3><a href=\"\/fr\/solutions\/securiteinformatique\/\">Protection de r\u00e9seau<\/a><\/h3>\n<p>[\/vc_column_text][vc_column_text]Les cyberattaques peuvent occasionner des d\u00e9g\u00e2ts op\u00e9rationnels et financiers, mais elles peuvent aussi nuire \u00e0 votre image.<\/p>\n<p>C&rsquo;est pourquoi les pare-feux, les routeurs et les commutateurs n\u00e9cessitent donc une protection professionnelle sans faille. Nos produits Network Security sont tr\u00e8s faciles \u00e0 g\u00e9rer et \u00e0 configurer. D\u00e9couvrez un aper\u00e7u.<\/p>\n<ul>\n<li><a href=\"\/fr\/solutions\/securiteinformatique\/connectivite-a-distance-securisee\/\">Connectivit\u00e9 \u00e0 distance s\u00e9curis\u00e9e<\/a><\/li>\n<li><a href=\"\/fr\/solutions\/securiteinformatique\/securite-des-terminaux\/\">S\u00e9curit\u00e9 des terminaux<\/a><\/li>\n<li><a href=\"\/fr\/solutions\/securiteinformatique\/securite-du-cloud\/\">S\u00e9curit\u00e9 du cloud<\/a><\/li>\n<li><a href=\"\/fr\/solutions\/securiteinformatique\/securite-des-reseaux\/\">S\u00e9curit\u00e9 des r\u00e9seaux<\/a><\/li>\n<\/ul>\n<p>[\/vc_column_text]<a  itemprop=\"url\" href=\"\/fr\/solutions\/securiteinformatique\/\" target=\"_self\"  class=\"qbutton  center default\" style=\"\">Lire plus<\/a>[vc_empty_space height=\u00a0\u00bb20px\u00a0\u00bb][\/qode_elements_holder_item][\/qode_elements_holder][\/vc_column_inner][vc_column_inner el_class=\u00a0\u00bboplossing3&Prime; width=\u00a0\u00bb1\/4&Prime;][vc_empty_space height=\u00a0\u00bb30px\u00a0\u00bb el_class=\u00a0\u00bbonlyphone\u00a0\u00bb][qode_elements_holder background_color=\u00a0\u00bb#f6f6f6&Prime; number_of_columns=\u00a0\u00bbone_column\u00a0\u00bb custom_class=\u00a0\u00bbcard\u00a0\u00bb][qode_elements_holder_item vertical_alignment=\u00a0\u00bbtop\u00a0\u00bb horizontal_alignment=\u00a0\u00bbcenter\u00a0\u00bb advanced_animations=\u00a0\u00bbno\u00a0\u00bb item_padding=\u00a0\u00bb20px\u00a0\u00bb][vc_empty_space height=\u00a0\u00bb20px\u00a0\u00bb]<div class=\"image_hover \" data-transition-delay=\"\"><div class=\"images_holder\"><a itemprop=\"url\" href=\"\/fr\/solutions\/ido\/\" target=\"_self\"><img decoding=\"async\" itemprop=\"image\" class=\"active_image \" src=\"https:\/\/www.kappadata.be\/wp-content\/uploads\/2020\/10\/social-media-1.png\" alt=\"Netwerk\" style=\"\" \/><img decoding=\"async\" itemprop=\"image\" class=\"hover_image\" src=\"https:\/\/www.kappadata.be\/wp-content\/uploads\/2020\/10\/social-media.png\" alt=\"Netwerk\" style=\"\" \/><\/a><\/div><\/div>[vc_empty_space height=\u00a0\u00bb20px\u00a0\u00bb][vc_column_text]<\/p>\n<h3><a href=\"https:\/\/www.kappadata.be\/fr\/solutions\/iot-industrial\/\">IoT &amp; Industrial<\/a><\/h3>\n<p>[\/vc_column_text][vc_column_text]L&rsquo;\u00e9poque o\u00f9 un r\u00e9seau se composait d&rsquo;ordinateurs et de serveurs est r\u00e9volue. \u00c0 peu pr\u00e8s tous les appareils \u00e9lectroniques sont d&rsquo;une mani\u00e8re ou d&rsquo;une autre connect\u00e9s au r\u00e9seau et m\u00eame \u00e0 Internet, quel que soit le type d&rsquo;environnement. Gr\u00e2ce \u00e0 ses connaissances en mati\u00e8re de mise en r\u00e9seau et de s\u00e9curit\u00e9, Kappa Data pr\u00e9sente des arguments solides non seulement pour la connexion, mais aussi pour la s\u00e9curisation et la surveillance de tous les types d&rsquo;infrastructures IoT.<\/p>\n<ul>\n<li><a href=\"https:\/\/www.kappadata.be\/fr\/solutions\/iot-industrial\/security\/\">Security<\/a><\/li>\n<li><a href=\"https:\/\/www.kappadata.be\/fr\/solutions\/iot-industrial\/connectivity\/\">Connectivity<\/a><\/li>\n<li><a href=\"https:\/\/www.kappadata.be\/fr\/solutions\/iot-industrial\/wi-fi-bluetooth\/\">Wi-Fi \/ Bluetooth<\/a><\/li>\n<\/ul>\n<p>[\/vc_column_text]<a  itemprop=\"url\" href=\"\/fr\/solutions\/ido\/\" target=\"_self\"  class=\"qbutton  center default\" style=\"\">Lire plus<\/a>[vc_empty_space height=\u00a0\u00bb20px\u00a0\u00bb][\/qode_elements_holder_item][\/qode_elements_holder][\/vc_column_inner][vc_column_inner width=\u00a0\u00bb1\/4&Prime; css=\u00a0\u00bb.vc_custom_1660318229506{margin-top: -100px !important;}\u00a0\u00bb][vc_empty_space height=\u00a0\u00bb30px\u00a0\u00bb el_class=\u00a0\u00bbonlyphone\u00a0\u00bb][qode_elements_holder background_color=\u00a0\u00bb#f6f6f6&Prime; number_of_columns=\u00a0\u00bbone_column\u00a0\u00bb custom_class=\u00a0\u00bbcard\u00a0\u00bb][qode_elements_holder_item vertical_alignment=\u00a0\u00bbtop\u00a0\u00bb horizontal_alignment=\u00a0\u00bbcenter\u00a0\u00bb advanced_animations=\u00a0\u00bbno\u00a0\u00bb item_padding=\u00a0\u00bb20px\u00a0\u00bb][vc_empty_space height=\u00a0\u00bb20px\u00a0\u00bb]<div class=\"image_hover \" data-transition-delay=\"\"><div class=\"images_holder\"><a itemprop=\"url\" href=\"\/fr\/solutions\/sujets-dactualite\/\" target=\"_self\"><img decoding=\"async\" itemprop=\"image\" class=\"active_image \" src=\"https:\/\/www.kappadata.be\/wp-content\/uploads\/2022\/08\/HoT-Topic-icon-01.png\" alt=\"Hot Topic\" style=\"\" \/><img decoding=\"async\" itemprop=\"image\" class=\"hover_image\" src=\"https:\/\/www.kappadata.be\/wp-content\/uploads\/2022\/08\/HoT-Topic-icon-02.png\" alt=\"Hot Topic\" style=\"\" \/><\/a><\/div><\/div>[vc_empty_space height=\u00a0\u00bb20px\u00a0\u00bb][vc_column_text]<\/p>\n<h3><a href=\"\/fr\/solutions\/sujets-dactualite\/\">Sujets d&rsquo;actualit\u00e9<\/a><\/h3>\n<p>[\/vc_column_text][vc_column_text css=\u00a0\u00bb\u00a0\u00bb]Restez inform\u00e9 des derniers tenants et aboutissants en mati\u00e8re de r\u00e9seaux et de s\u00e9curit\u00e9. D\u00e9couvrez ce qui est tendance, ce qui vous \u00e9l\u00e8vera, vous et votre entreprise, \u00e0 des niveaux sup\u00e9rieurs. En bref, d\u00e9couvrez nos sujets d&rsquo;actualit\u00e9 !<\/p>\n<ul>\n<li><a href=\"\/fr\/solutions\/sujets-dactualite\/nis2\">NIS2<\/a><\/li>\n<li><a href=\"\/fr\/solutions\/sujets-dactualite\/sase\">SASE<\/a><\/li>\n<li><a href=\"\/fr\/solutions\/sujets-dactualite\/chasse-aux-menaces\">Chasse Aux Menaces<\/a><\/li>\n<li><a href=\"\/fr\/solutions\/sujets-dactualite\/security-awareness\/\">Security Awareness<\/a><\/li>\n<li><a href=\"\/fr\/solutions\/sujets-dactualite\/les-reseaux-autogeres\/\">Les r\u00e9seaux autog\u00e9r\u00e9s<\/a><\/li>\n<li><a href=\"\/fr\/solutions\/sujets-dactualite\/zero-trust-network-access\/\">Zero-Trust (Networks Access)<\/a><\/li>\n<li><a href=\"\/fr\/solutions\/sujets-dactualite\/it-operations-management\/\">IT Operations Management<\/a><\/li>\n<\/ul>\n<p>[\/vc_column_text]<a  itemprop=\"url\" href=\"\/fr\/solutions\/sujets-dactualite\/\" target=\"_self\"  class=\"qbutton  center default\" style=\"\">Lire plus<\/a>[vc_empty_space height=\u00a0\u00bb20px\u00a0\u00bb][\/qode_elements_holder_item][\/qode_elements_holder][\/vc_column_inner][\/vc_row_inner][\/vc_column][\/vc_row][vc_row css_animation=\u00a0\u00bb\u00a0\u00bb row_type=\u00a0\u00bbrow\u00a0\u00bb use_row_as_full_screen_section=\u00a0\u00bbno\u00a0\u00bb type=\u00a0\u00bbgrid\u00a0\u00bb angled_section=\u00a0\u00bbno\u00a0\u00bb text_align=\u00a0\u00bbcenter\u00a0\u00bb background_image_as_pattern=\u00a0\u00bbwithout_pattern\u00a0\u00bb z_index=\u00a0\u00bb\u00a0\u00bb padding_top=\u00a0\u00bb75&Prime; padding_bottom=\u00a0\u00bb75&Prime;][vc_column width=\u00a0\u00bb1\/6&Prime;][\/vc_column][vc_column width=\u00a0\u00bb2\/3&Prime;][vc_column_text]<\/p>\n<h3>Ce que disent nos clients<\/h3>\n<p>[\/vc_column_text][vc_column_text]Cela fait plus de quatre ans que The Network Factory travaille en \u00e9troite collaboration avec Kappa Data sur des projets de connectivit\u00e9 et de networking.<br \/>\nLe choix de Kappa Data et la confiance qui s&rsquo;est d\u00e9velopp\u00e9e au fil de ces ann\u00e9es sont fond\u00e9s sur les valeurs que nous attendons, en tant que revendeurs, de la part d&rsquo;un VAD.<br \/>\nNous ne sommes pas un num\u00e9ro, comme il en est le cas chez de nombreux grands distributeurs. Le contact personnel avec tous les services de Kappa Data a conduit \u00e0 une collaboration fructueuse.<br \/>\nQue ce soit au niveau du management ou de l&rsquo;account management, des ventes internes, de la gestion des commandes et des produits, du marketing ou du support technique, nous trouvons toujours les personnes ad hoc au sein de l&rsquo;\u00e9quipe Kappa Data pour r\u00e9pondre \u00e0 nos questions.<br \/>\nKappa Data n&rsquo;est pas une entreprise qui vend purement et simplement du mat\u00e9riel : c&rsquo;est un v\u00e9ritable partenaire de distribution \u00e0 valeur ajout\u00e9e pour le march\u00e9.<\/p>\n<p><span style=\"color: #c1d82f;\"><strong>The network Factory, Dirk Nys <\/strong><\/span>[\/vc_column_text][vc_empty_space height=\u00a0\u00bb75px\u00a0\u00bb]<a  itemprop=\"url\" href=\"#contact\" target=\"_self\"  class=\"qbutton  default\" style=\"\">Contactez-nous<\/a>[\/vc_column][vc_column width=\u00a0\u00bb1\/6&Prime;][\/vc_column][\/vc_row]<\/p>\n<\/div>","protected":false},"excerpt":{"rendered":"<p>[vc_row css_animation=\u00a0\u00bb\u00a0\u00bb row_type=\u00a0\u00bbrow\u00a0\u00bb use_row_as_full_screen_section=\u00a0\u00bbno\u00a0\u00bb type=\u00a0\u00bbfull_width\u00a0\u00bb angled_section=\u00a0\u00bbno\u00a0\u00bb text_align=\u00a0\u00bbleft\u00a0\u00bb background_image_as_pattern=\u00a0\u00bbwithout_pattern\u00a0\u00bb css=\u00a0\u00bb.vc_custom_1672662622829{background-image: url(https:\/\/www.kappadata.be\/wp-content\/uploads\/2022\/11\/Fotos-banners-overlay-01.jpg?id=13236) !important;}\u00a0\u00bb z_index=\u00a0\u00bb\u00a0\u00bb][vc_column][qode_elements_holder number_of_columns=\u00a0\u00bbone_column\u00a0\u00bb][qode_elements_holder_item advanced_animations=\u00a0\u00bbno\u00a0\u00bb item_padding=\u00a0\u00bb5% 10% 10% 10%\u00a0\u00bb][vc_column_text] Solutions IT [\/vc_column_text][vc_column_text]Kappa Data offre des solutions IT fiables et innovantes en mati\u00e8re de mise en r\u00e9seau, de s\u00e9curit\u00e9 et d\u2019internet des objets, tant pour les PME&#8230;<\/p>\n","protected":false},"author":4,"featured_media":0,"parent":0,"menu_order":0,"comment_status":"closed","ping_status":"closed","template":"full_width.php","meta":{"_acf_changed":false,"footnotes":""},"class_list":["post-1992","page","type-page","status-publish","hentry"],"acf":[],"yoast_head":"<!-- This site is optimized with the Yoast SEO plugin v27.3 - https:\/\/yoast.com\/product\/yoast-seo-wordpress\/ -->\n<title>Solutions IT | Kappa Data - Infrastructure r\u00e9seau, s\u00e9curit\u00e9 et IdO<\/title>\n<meta name=\"description\" content=\"Kappa Data offre des solutions IT fiables et innovantes en r\u00e9seau, s\u00e9curit\u00e9 et internet pour les PME et les grandes entreprises. D\u00e9couvrez-les ici.\" \/>\n<meta name=\"robots\" content=\"index, follow, max-snippet:-1, max-image-preview:large, max-video-preview:-1\" \/>\n<link rel=\"canonical\" href=\"https:\/\/www.kappadata.be\/fr\/solutions\/\" \/>\n<meta property=\"og:locale\" content=\"fr_FR\" \/>\n<meta property=\"og:type\" content=\"article\" \/>\n<meta property=\"og:title\" content=\"Solutions IT | Kappa Data - Infrastructure r\u00e9seau, s\u00e9curit\u00e9 et IdO\" \/>\n<meta property=\"og:description\" content=\"Kappa Data offre des solutions IT fiables et innovantes en r\u00e9seau, s\u00e9curit\u00e9 et internet pour les PME et les grandes entreprises. D\u00e9couvrez-les ici.\" \/>\n<meta property=\"og:url\" content=\"https:\/\/www.kappadata.be\/fr\/solutions\/\" \/>\n<meta property=\"og:site_name\" content=\"info@lincelot.com\" \/>\n<meta property=\"article:modified_time\" content=\"2025-06-10T12:54:29+00:00\" \/>\n<meta name=\"twitter:card\" content=\"summary_large_image\" \/>\n<meta name=\"twitter:label1\" content=\"Dur\u00e9e de lecture estim\u00e9e\" \/>\n\t<meta name=\"twitter:data1\" content=\"4 minutes\" \/>\n<script type=\"application\/ld+json\" class=\"yoast-schema-graph\">{\"@context\":\"https:\\\/\\\/schema.org\",\"@graph\":[{\"@type\":\"WebPage\",\"@id\":\"https:\\\/\\\/www.kappadata.be\\\/fr\\\/solutions\\\/\",\"url\":\"https:\\\/\\\/www.kappadata.be\\\/fr\\\/solutions\\\/\",\"name\":\"Solutions IT | Kappa Data - Infrastructure r\u00e9seau, s\u00e9curit\u00e9 et IdO\",\"isPartOf\":{\"@id\":\"https:\\\/\\\/www.kappadata.be\\\/#website\"},\"datePublished\":\"2020-11-23T15:16:20+00:00\",\"dateModified\":\"2025-06-10T12:54:29+00:00\",\"description\":\"Kappa Data offre des solutions IT fiables et innovantes en r\u00e9seau, s\u00e9curit\u00e9 et internet pour les PME et les grandes entreprises. D\u00e9couvrez-les ici.\",\"breadcrumb\":{\"@id\":\"https:\\\/\\\/www.kappadata.be\\\/fr\\\/solutions\\\/#breadcrumb\"},\"inLanguage\":\"fr-FR\",\"potentialAction\":[{\"@type\":\"ReadAction\",\"target\":[\"https:\\\/\\\/www.kappadata.be\\\/fr\\\/solutions\\\/\"]}]},{\"@type\":\"BreadcrumbList\",\"@id\":\"https:\\\/\\\/www.kappadata.be\\\/fr\\\/solutions\\\/#breadcrumb\",\"itemListElement\":[{\"@type\":\"ListItem\",\"position\":1,\"name\":\"Home\",\"item\":\"https:\\\/\\\/www.kappadata.be\\\/fr\\\/\"},{\"@type\":\"ListItem\",\"position\":2,\"name\":\"Solutions IT\"}]},{\"@type\":\"WebSite\",\"@id\":\"https:\\\/\\\/www.kappadata.be\\\/#website\",\"url\":\"https:\\\/\\\/www.kappadata.be\\\/\",\"name\":\"info@lincelot.com\",\"description\":\"The Art of IT-infrastucture, security an IoT distribution\",\"potentialAction\":[{\"@type\":\"SearchAction\",\"target\":{\"@type\":\"EntryPoint\",\"urlTemplate\":\"https:\\\/\\\/www.kappadata.be\\\/?s={search_term_string}\"},\"query-input\":{\"@type\":\"PropertyValueSpecification\",\"valueRequired\":true,\"valueName\":\"search_term_string\"}}],\"inLanguage\":\"fr-FR\"}]}<\/script>\n<!-- \/ Yoast SEO plugin. -->","yoast_head_json":{"title":"Solutions IT | Kappa Data - Infrastructure r\u00e9seau, s\u00e9curit\u00e9 et IdO","description":"Kappa Data offre des solutions IT fiables et innovantes en r\u00e9seau, s\u00e9curit\u00e9 et internet pour les PME et les grandes entreprises. D\u00e9couvrez-les ici.","robots":{"index":"index","follow":"follow","max-snippet":"max-snippet:-1","max-image-preview":"max-image-preview:large","max-video-preview":"max-video-preview:-1"},"canonical":"https:\/\/www.kappadata.be\/fr\/solutions\/","og_locale":"fr_FR","og_type":"article","og_title":"Solutions IT | Kappa Data - Infrastructure r\u00e9seau, s\u00e9curit\u00e9 et IdO","og_description":"Kappa Data offre des solutions IT fiables et innovantes en r\u00e9seau, s\u00e9curit\u00e9 et internet pour les PME et les grandes entreprises. D\u00e9couvrez-les ici.","og_url":"https:\/\/www.kappadata.be\/fr\/solutions\/","og_site_name":"info@lincelot.com","article_modified_time":"2025-06-10T12:54:29+00:00","twitter_card":"summary_large_image","twitter_misc":{"Dur\u00e9e de lecture estim\u00e9e":"4 minutes"},"schema":{"@context":"https:\/\/schema.org","@graph":[{"@type":"WebPage","@id":"https:\/\/www.kappadata.be\/fr\/solutions\/","url":"https:\/\/www.kappadata.be\/fr\/solutions\/","name":"Solutions IT | Kappa Data - Infrastructure r\u00e9seau, s\u00e9curit\u00e9 et IdO","isPartOf":{"@id":"https:\/\/www.kappadata.be\/#website"},"datePublished":"2020-11-23T15:16:20+00:00","dateModified":"2025-06-10T12:54:29+00:00","description":"Kappa Data offre des solutions IT fiables et innovantes en r\u00e9seau, s\u00e9curit\u00e9 et internet pour les PME et les grandes entreprises. D\u00e9couvrez-les ici.","breadcrumb":{"@id":"https:\/\/www.kappadata.be\/fr\/solutions\/#breadcrumb"},"inLanguage":"fr-FR","potentialAction":[{"@type":"ReadAction","target":["https:\/\/www.kappadata.be\/fr\/solutions\/"]}]},{"@type":"BreadcrumbList","@id":"https:\/\/www.kappadata.be\/fr\/solutions\/#breadcrumb","itemListElement":[{"@type":"ListItem","position":1,"name":"Home","item":"https:\/\/www.kappadata.be\/fr\/"},{"@type":"ListItem","position":2,"name":"Solutions IT"}]},{"@type":"WebSite","@id":"https:\/\/www.kappadata.be\/#website","url":"https:\/\/www.kappadata.be\/","name":"info@lincelot.com","description":"The Art of IT-infrastucture, security an IoT distribution","potentialAction":[{"@type":"SearchAction","target":{"@type":"EntryPoint","urlTemplate":"https:\/\/www.kappadata.be\/?s={search_term_string}"},"query-input":{"@type":"PropertyValueSpecification","valueRequired":true,"valueName":"search_term_string"}}],"inLanguage":"fr-FR"}]}},"_links":{"self":[{"href":"https:\/\/www.kappadata.be\/fr\/wp-json\/wp\/v2\/pages\/1992","targetHints":{"allow":["GET"]}}],"collection":[{"href":"https:\/\/www.kappadata.be\/fr\/wp-json\/wp\/v2\/pages"}],"about":[{"href":"https:\/\/www.kappadata.be\/fr\/wp-json\/wp\/v2\/types\/page"}],"author":[{"embeddable":true,"href":"https:\/\/www.kappadata.be\/fr\/wp-json\/wp\/v2\/users\/4"}],"replies":[{"embeddable":true,"href":"https:\/\/www.kappadata.be\/fr\/wp-json\/wp\/v2\/comments?post=1992"}],"version-history":[{"count":22,"href":"https:\/\/www.kappadata.be\/fr\/wp-json\/wp\/v2\/pages\/1992\/revisions"}],"predecessor-version":[{"id":28126,"href":"https:\/\/www.kappadata.be\/fr\/wp-json\/wp\/v2\/pages\/1992\/revisions\/28126"}],"wp:attachment":[{"href":"https:\/\/www.kappadata.be\/fr\/wp-json\/wp\/v2\/media?parent=1992"}],"curies":[{"name":"wp","href":"https:\/\/api.w.org\/{rel}","templated":true}]}}