{"id":18817,"date":"2023-11-27T12:22:11","date_gmt":"2023-11-27T10:22:11","guid":{"rendered":"https:\/\/www.kappadata.be\/?page_id=18817"},"modified":"2025-12-30T11:36:51","modified_gmt":"2025-12-30T09:36:51","slug":"expertechno","status":"publish","type":"page","link":"https:\/\/www.kappadata.be\/fr\/expertise\/expertechno\/","title":{"rendered":"ExperTechno"},"content":{"rendered":"<div class=\"wpb-content-wrapper\"><p>[vc_row css_animation=\u00a0\u00bb\u00a0\u00bb row_type=\u00a0\u00bbrow\u00a0\u00bb use_row_as_full_screen_section=\u00a0\u00bbno\u00a0\u00bb type=\u00a0\u00bbfull_width\u00a0\u00bb angled_section=\u00a0\u00bbno\u00a0\u00bb text_align=\u00a0\u00bbleft\u00a0\u00bb background_image_as_pattern=\u00a0\u00bbwithout_pattern\u00a0\u00bb css=\u00a0\u00bb.vc_custom_1672663838481{background-image: url(https:\/\/www.kappadata.be\/wp-content\/uploads\/2022\/11\/Fotos-banners-overlay-02.jpg?id=13239) !important;}\u00a0\u00bb z_index=\u00a0\u00bb\u00a0\u00bb][vc_column][qode_elements_holder number_of_columns=\u00a0\u00bbone_column\u00a0\u00bb][qode_elements_holder_item advanced_animations=\u00a0\u00bbno\u00a0\u00bb item_padding=\u00a0\u00bb5% 10% 10% 10%\u00a0\u00bb][vc_column_text]<\/p>\n<h1>ExperTechno<\/h1>\n<p>[\/vc_column_text][vc_empty_space height=\u00a0\u00bb80px\u00a0\u00bb el_class=\u00a0\u00bbonlyphone\u00a0\u00bb][\/qode_elements_holder_item][\/qode_elements_holder][\/vc_column][\/vc_row][vc_row css_animation=\u00a0\u00bb\u00a0\u00bb row_type=\u00a0\u00bbrow\u00a0\u00bb use_row_as_full_screen_section=\u00a0\u00bbno\u00a0\u00bb type=\u00a0\u00bbgrid\u00a0\u00bb angled_section=\u00a0\u00bbno\u00a0\u00bb text_align=\u00a0\u00bbleft\u00a0\u00bb background_image_as_pattern=\u00a0\u00bbwithout_pattern\u00a0\u00bb z_index=\u00a0\u00bb\u00a0\u00bb background_color=\u00a0\u00bb#f3f3f3&Prime; padding_top=\u00a0\u00bb20&Prime;][vc_column css=\u00a0\u00bb.vc_custom_1604417126393{margin-top: -100px !important;}\u00a0\u00bb][qode_elements_holder number_of_columns=\u00a0\u00bbone_column\u00a0\u00bb][qode_elements_holder_item horizontal_alignment=\u00a0\u00bbleft\u00a0\u00bb advanced_animations=\u00a0\u00bbno\u00a0\u00bb custom_class=\u00a0\u00bbcardstatic\u00a0\u00bb background_color=\u00a0\u00bb#ffffff\u00a0\u00bb item_padding=\u00a0\u00bb5% 10% 5% 10%\u00a0\u00bb][vc_empty_space height=\u00a0\u00bb20px\u00a0\u00bb][vc_column_text]<\/p>\n<h2>Notre expertise<\/h2>\n<p>[\/vc_column_text][vc_column_text css=\u00a0\u00bb\u00a0\u00bb]<a href=\"https:\/\/www.kappadata.be\/fr\/vendors\/expertechno\/\" target=\"_blank\" rel=\"noopener\"><strong>ExperTechno<\/strong><\/a>, sp\u00e9cialiste de la cr\u00e9ation d&rsquo;appliances <strong>depuis<\/strong> <strong>1986<\/strong>, est une marque issue de la<strong> filiale fran\u00e7aise du <a href=\"https:\/\/kappadata.eu\/\" target=\"_blank\" rel=\"noopener\">Groupe Kappa Data<\/a><\/strong>. En 25 ans, ExperTechno a d\u00e9velopp\u00e9 son <strong>expertise pour offrir des services et des solutions sur mesure<\/strong>. En associant les logiciels de nos partenaires au savoir-faire de notre \u00e9quipe en mati\u00e8re de hardware, nous construisons ensemble des solutions pour vous.<\/p>\n<p><strong>\u00a0<\/strong><\/p>\n<h4><strong>Notre mission<\/strong><\/h4>\n<p>Notre mission est de vous accompagner dans toutes les \u00e9tapes de votre projet, de la conception \u00e0 l&rsquo;industrialisation, en s&rsquo;appuyant sur des relations d&rsquo;\u00e9coute, de confiance et de r\u00e9activit\u00e9. ExperTechno est votre partenaire pour d\u00e9velopper de hardware en parfaite ad\u00e9quation avec vos logiciels et prendre en charge l&rsquo;industrialisation des projets existants.<\/p>\n<p><strong>\u00a0<\/strong><\/p>\n<h4><strong>Que proposons-nous ?<\/strong><\/h4>\n<p>En plus de <a href=\"https:\/\/www.youtube.com\/@kappadata\/featured\" target=\"_blank\" rel=\"noopener\">nos services de base<\/a>, nous proposons une logistique \u00e0 valeur ajout\u00e9e, incluant le staging de hardware informatique et le service apr\u00e8s-vente \u00e0 J+1. Avec un bureau d&rsquo;\u00e9tudes interne, un atelier de fabrication et des installations de service et de r\u00e9paration, nous avons la capacit\u00e9 de produire du hardware compl\u00e9mentaire. Notre expertise couvre l&rsquo;\u00e9lectronique (architecture PC, microcontr\u00f4leurs) et la m\u00e9canique (ch\u00e2ssis, bo\u00eetiers, kiosques, totems).<\/p>\n<p>ExperTechno propose \u00e9galement des services produits et informatiques personnalis\u00e9s, de la conception \u00e0 la mise en place d&rsquo;outils sur mesure pour les besoins du service projet et de la logistique. Choisir ExperTechno, c&rsquo;est acc\u00e9der \u00e0 des services de conception et de prototypage, d&rsquo;int\u00e9gration, de service et de r\u00e9paration, jusqu&rsquo;\u00e0 l&rsquo;installation de l&rsquo;OS pour la livraison des produits finis. Nos services apr\u00e8s-vente, y compris le traitement apr\u00e8s-vente \u00e0 haute valeur ajout\u00e9e (J+1), garantissent un syst\u00e8me de soutien complet.[\/vc_column_text][vc_empty_space height=\u00a0\u00bb28px\u00a0\u00bb][\/qode_elements_holder_item][\/qode_elements_holder][vc_empty_space height=\u00a0\u00bb25px\u00a0\u00bb][vc_row_inner row_type=\u00a0\u00bbrow\u00a0\u00bb type=\u00a0\u00bbfull_width\u00a0\u00bb text_align=\u00a0\u00bbleft\u00a0\u00bb css_animation=\u00a0\u00bb\u00a0\u00bb][vc_column_inner width=\u00a0\u00bb1\/2&Prime;][qode_elements_holder number_of_columns=\u00a0\u00bbone_column\u00a0\u00bb][qode_elements_holder_item horizontal_alignment=\u00a0\u00bbleft\u00a0\u00bb advanced_animations=\u00a0\u00bbno\u00a0\u00bb item_padding=\u00a0\u00bb5% 10% 5% 10%\u00a0\u00bb background_color=\u00a0\u00bb#ffffff\u00a0\u00bb custom_class=\u00a0\u00bbcardstatic\u00a0\u00bb][vc_empty_space height=\u00a0\u00bb20px\u00a0\u00bb][vc_column_text]<\/p>\n<h2>Nos clients<\/h2>\n<p>[\/vc_column_text][vc_column_text css=\u00a0\u00bb\u00a0\u00bb]Nos clients sont des entreprises en qu\u00eate d&rsquo;innovation et de solutions personnalis\u00e9es. Qu&rsquo;ils aient un projet sp\u00e9cifique en t\u00eate ou qu&rsquo;ils explorent nos capacit\u00e9s, les clients d&rsquo;ExperTechno trouvent chez nous un partenaire fiable qui les accompagne \u00e0 chaque \u00e9tape, de la conception \u00e0 l&rsquo;industrialisation, avec pour principes directeurs l&rsquo;attention, la confiance et la r\u00e9activit\u00e9.<\/p>\n<p>Vous avez un projet pr\u00e9cis en t\u00eate ou vous souhaitez d\u00e9couvrir nos offres ? N&rsquo;h\u00e9sitez pas \u00e0 <a href=\"https:\/\/www.kappadata.be\/fr\/contact\/\" target=\"_blank\" rel=\"noopener\">nous contacter<\/a>, nous serons ravis de vous aider ![\/vc_column_text][vc_empty_space height=\u00a0\u00bb28px\u00a0\u00bb][\/qode_elements_holder_item][\/qode_elements_holder][vc_empty_space height=\u00a0\u00bb30px\u00a0\u00bb el_class=\u00a0\u00bbonlyphone\u00a0\u00bb][\/vc_column_inner][vc_column_inner width=\u00a0\u00bb1\/2&Prime;][qode_elements_holder number_of_columns=\u00a0\u00bbone_column\u00a0\u00bb][qode_elements_holder_item horizontal_alignment=\u00a0\u00bbleft\u00a0\u00bb advanced_animations=\u00a0\u00bbno\u00a0\u00bb item_padding=\u00a0\u00bb5% 10% 5% 10%\u00a0\u00bb background_color=\u00a0\u00bb#ffffff\u00a0\u00bb custom_class=\u00a0\u00bbcardstatic\u00a0\u00bb][vc_empty_space height=\u00a0\u00bb20px\u00a0\u00bb][vc_column_text]<\/p>\n<h2>Notre m\u00e9thode de travail<\/h2>\n<p>[\/vc_column_text][vc_column_text]Bas\u00e9 sur la confiance et la r\u00e9activit\u00e9, nous d\u00e9veloppons des solutions personnalis\u00e9es gr\u00e2ce \u00e0 une collaboration \u00e9troite entre les partenaires logiciels et notre \u00e9quipe d&rsquo;experts en hardware.<\/p>\n<p>De la conception \u00e0 l&rsquo;industrialisation, nous vous accompagnons \u00e0 chaque \u00e9tape du projet, avec des services logistiques suppl\u00e9mentaires et un syst\u00e8me de support apr\u00e8s-vente complet pour une exp\u00e9rience de service compl\u00e8te.[\/vc_column_text][vc_empty_space height=\u00a0\u00bb28px\u00a0\u00bb][\/qode_elements_holder_item][\/qode_elements_holder][\/vc_column_inner][\/vc_row_inner][vc_empty_space height=\u00a0\u00bb75px\u00a0\u00bb][\/vc_column][\/vc_row][vc_row css_animation=\u00a0\u00bb\u00a0\u00bb row_type=\u00a0\u00bbrow\u00a0\u00bb use_row_as_full_screen_section=\u00a0\u00bbno\u00a0\u00bb type=\u00a0\u00bbgrid\u00a0\u00bb angled_section=\u00a0\u00bbno\u00a0\u00bb text_align=\u00a0\u00bbleft\u00a0\u00bb background_image_as_pattern=\u00a0\u00bbwithout_pattern\u00a0\u00bb z_index=\u00a0\u00bb\u00a0\u00bb background_color=\u00a0\u00bb#f3f3f3&Prime; padding_top=\u00a0\u00bb75&Prime; css=\u00a0\u00bb.vc_custom_1603192215592{background-color: #ffffff !important;}\u00a0\u00bb padding_bottom=\u00a0\u00bb75&Prime;][vc_column][vc_column_text]<\/p>\n<h2>Pourquoi choisir Kappa Data?<\/h2>\n<p>[\/vc_column_text][vc_empty_space height=\u00a0\u00bb20px\u00a0\u00bb][vc_row_inner row_type=\u00a0\u00bbrow\u00a0\u00bb type=\u00a0\u00bbfull_width\u00a0\u00bb text_align=\u00a0\u00bbleft\u00a0\u00bb css_animation=\u00a0\u00bb\u00a0\u00bb][vc_column_inner width=\u00a0\u00bb1\/3&Prime;][vc_empty_space height=\u00a0\u00bb30px\u00a0\u00bb el_class=\u00a0\u00bbonlyphone\u00a0\u00bb][qode_elements_holder number_of_columns=\u00a0\u00bbone_column\u00a0\u00bb][qode_elements_holder_item horizontal_alignment=\u00a0\u00bbleft\u00a0\u00bb advanced_animations=\u00a0\u00bbno\u00a0\u00bb item_padding=\u00a0\u00bb5% 10% 5% 10%\u00a0\u00bb background_color=\u00a0\u00bb#f3f3f3&Prime; custom_class=\u00a0\u00bbround\u00a0\u00bb][vc_empty_space height=\u00a0\u00bb20px\u00a0\u00bb][vc_column_text]<\/p>\n<h3>Expertise technique<\/h3>\n<p>Kappa Data soutient les revendeurs et les clients gr\u00e2ce \u00e0 ses grandes connaissances techniques, \u00e0 ses formations int\u00e9ressantes et \u00e0 ses conseils personalis\u00e9s. Nos \u00e9quipes techniques et de pr\u00e9vente sont toujours l\u00e0 pour vous ![\/vc_column_text][vc_empty_space height=\u00a0\u00bb28px\u00a0\u00bb][\/qode_elements_holder_item][\/qode_elements_holder][\/vc_column_inner][vc_column_inner width=\u00a0\u00bb1\/3&Prime;][vc_empty_space height=\u00a0\u00bb30px\u00a0\u00bb el_class=\u00a0\u00bbonlyphone\u00a0\u00bb][qode_elements_holder number_of_columns=\u00a0\u00bbone_column\u00a0\u00bb][qode_elements_holder_item horizontal_alignment=\u00a0\u00bbleft\u00a0\u00bb advanced_animations=\u00a0\u00bbno\u00a0\u00bb item_padding=\u00a0\u00bb5% 10% 5% 10%\u00a0\u00bb background_color=\u00a0\u00bb#f3f3f3&Prime; custom_class=\u00a0\u00bbround\u00a0\u00bb][vc_empty_space height=\u00a0\u00bb20px\u00a0\u00bb][vc_column_text css=\u00a0\u00bb\u00a0\u00bb]<\/p>\n<h3>Une touche personelle<\/h3>\n<p>Chez Kappa Data, vous b\u00e9n\u00e9ficierez d\u2019une approche enti\u00e8rement personnalis\u00e9e et professionnelle : <a href=\"https:\/\/www.kappadata.be\/fr\/support\/\" target=\"_blank\" rel=\"noopener\">devis rapide<\/a>, d\u00e9monstrations sans oublier un service convivial avec des personnes de r\u00e9f\u00e9rence attitr\u00e9es. Nous sommes l\u00e0 pour vous.[\/vc_column_text][vc_empty_space height=\u00a0\u00bb28px\u00a0\u00bb][\/qode_elements_holder_item][\/qode_elements_holder][\/vc_column_inner][vc_column_inner width=\u00a0\u00bb1\/3&Prime;][vc_empty_space height=\u00a0\u00bb30px\u00a0\u00bb el_class=\u00a0\u00bbonlyphone\u00a0\u00bb][qode_elements_holder number_of_columns=\u00a0\u00bbone_column\u00a0\u00bb][qode_elements_holder_item advanced_animations=\u00a0\u00bbno\u00a0\u00bb custom_class=\u00a0\u00bbround\u00a0\u00bb background_color=\u00a0\u00bb#f3f3f3&Prime; item_padding=\u00a0\u00bb5% 10% 5% 10%\u00a0\u00bb][vc_empty_space height=\u00a0\u00bb20px\u00a0\u00bb][vc_column_text]<\/p>\n<h3>Un excellent service<\/h3>\n<p>Kappa Data est un distributeur \u00e0 valeur ajout\u00e9e qui con\u00e7oit avec vous la solution id\u00e9ale. Nous faisons toujours en sorte que la relation entre toutes les parties soit bonne et, en cas de conflit, nous faisons aussi de la m\u00e9diation.[\/vc_column_text][vc_empty_space height=\u00a0\u00bb28px\u00a0\u00bb][\/qode_elements_holder_item][\/qode_elements_holder][\/vc_column_inner][\/vc_row_inner][\/vc_column][\/vc_row][vc_row css_animation=\u00a0\u00bb\u00a0\u00bb row_type=\u00a0\u00bbrow\u00a0\u00bb use_row_as_full_screen_section=\u00a0\u00bbno\u00a0\u00bb type=\u00a0\u00bbgrid\u00a0\u00bb angled_section=\u00a0\u00bbno\u00a0\u00bb text_align=\u00a0\u00bbcenter\u00a0\u00bb background_image_as_pattern=\u00a0\u00bbwithout_pattern\u00a0\u00bb z_index=\u00a0\u00bb\u00a0\u00bb padding_top=\u00a0\u00bb75&Prime; padding_bottom=\u00a0\u00bb75&Prime; background_color=\u00a0\u00bb#f3f3f3&Prime;][vc_column width=\u00a0\u00bb1\/6&Prime;][\/vc_column][vc_column width=\u00a0\u00bb2\/3&Prime;][vc_column_text]<\/p>\n<h3>Ce que nos clients disent<\/h3>\n<p>[\/vc_column_text][vc_column_text]Nous entretenons un partenariat de tr\u00e8s haute qualit\u00e9 avec Kappa Data depuis de nombreuses ann\u00e9es. La collaboration est parfaite, en partie gr\u00e2ce \u00e0 la bonne connaissance des produits de l&rsquo;\u00e9quipe de Kappa Data, aux livraisons ponctuelles et aux r\u00e9actions rapides aux demandes urgentes. \u00c0 recommander sans h\u00e9siter !<\/p>\n<p><span style=\"color: #c1d82f;\"><strong>Infradata Group, Maxine Meeussen<\/strong><\/span>[\/vc_column_text][vc_empty_space height=\u00a0\u00bb50px\u00a0\u00bb]<a  itemprop=\"url\" href=\"#contact\" target=\"_self\"  class=\"qbutton  default\" style=\"\">Contactez-nous<\/a>[\/vc_column][vc_column width=\u00a0\u00bb1\/6&Prime;][\/vc_column][\/vc_row][vc_row css_animation=\u00a0\u00bb\u00a0\u00bb row_type=\u00a0\u00bbrow\u00a0\u00bb use_row_as_full_screen_section=\u00a0\u00bbno\u00a0\u00bb type=\u00a0\u00bbgrid\u00a0\u00bb angled_section=\u00a0\u00bbno\u00a0\u00bb text_align=\u00a0\u00bbleft\u00a0\u00bb background_image_as_pattern=\u00a0\u00bbwithout_pattern\u00a0\u00bb z_index=\u00a0\u00bb\u00a0\u00bb padding_top=\u00a0\u00bb50&Prime; padding_bottom=\u00a0\u00bb20&Prime;][vc_column][vc_column_text]<\/p>\n<h3>Nos partenaires<\/h3>\n<p>[\/vc_column_text]<div class='projects_holder_outer v5 portfolio_with_space portfolio_with_hover_text'>\n        <div class='projects_holder portfolio_main_holder clearfix v5  hover_text portfolio_full_image '>\n        \n        <article class='mix portfolio_category_142 portfolio_category_66 default' style=''>\n    \n    \n    \n    \n            <div class=\"item_holder grayscale\">\n\n                    <div class=\"text_holder\">\n        <div class=\"text_holder_outer\">\n            <div class=\"text_holder_inner\">\n                                        <div class=\"icons_holder\">\n\n                                \n                                        <a itemprop=\"url\" class=\"preview\" title=\"Go to Project \" href=\"https:\/\/www.kappadata.be\/fr\/vendors\/expertechno\/\" data-type=\"portfolio_list\" target=\"_self\" ><\/a>\n    \n                                <a data-type=\"icon\" href=\"#\" class=\"qode-like\" id=\"qode-like-18821\" title=\"Like this\" data-nonce=\"70cd7fb383\"><\/a>\n                            <\/div>\n                                    <\/div>\n        <\/div>\n    <\/div>\n\n                                    <a itemprop=\"url\" class=\"portfolio_link_class\" title=\"ExperTechno\" href=\"https:\/\/www.kappadata.be\/fr\/vendors\/expertechno\/\"><\/a>\n                \n                <div style=\"background-color: rgba(255,255,255,0.25)\" class=\"portfolio_shader\"><\/div>\n                <div class=\"image_holder\">\n                    \n<span class='image'><img loading=\"lazy\" decoding=\"async\" width=\"3447\" height=\"2204\" src=\"https:\/\/www.kappadata.be\/wp-content\/uploads\/2023\/11\/ExperTechno_Final-transparant-03.png\" class=\"attachment-full size-full wp-post-image\" alt=\"ExperTechno\" srcset=\"https:\/\/www.kappadata.be\/wp-content\/uploads\/2023\/11\/ExperTechno_Final-transparant-03.png 3447w, https:\/\/www.kappadata.be\/wp-content\/uploads\/2023\/11\/ExperTechno_Final-transparant-03-300x192.png 300w, https:\/\/www.kappadata.be\/wp-content\/uploads\/2023\/11\/ExperTechno_Final-transparant-03-1024x655.png 1024w, https:\/\/www.kappadata.be\/wp-content\/uploads\/2023\/11\/ExperTechno_Final-transparant-03-768x491.png 768w, https:\/\/www.kappadata.be\/wp-content\/uploads\/2023\/11\/ExperTechno_Final-transparant-03-1536x982.png 1536w, https:\/\/www.kappadata.be\/wp-content\/uploads\/2023\/11\/ExperTechno_Final-transparant-03-2048x1309.png 2048w, https:\/\/www.kappadata.be\/wp-content\/uploads\/2023\/11\/ExperTechno_Final-transparant-03-700x448.png 700w\" sizes=\"auto, (max-width: 3447px) 100vw, 3447px\" \/><\/span>                <\/div>\n            <\/div>\n\n        \n    \n<\/article>\n        <div class='filler'><\/div>\n            <div class='filler'><\/div>\n            <div class='filler'><\/div>\n            <div class='filler'><\/div>\n            <div class='filler'><\/div>\n        <\/div>\n\n    \n    <\/div>[\/vc_column][\/vc_row]<\/p>\n<\/div>","protected":false},"excerpt":{"rendered":"<p>[vc_row css_animation=\u00a0\u00bb\u00a0\u00bb row_type=\u00a0\u00bbrow\u00a0\u00bb use_row_as_full_screen_section=\u00a0\u00bbno\u00a0\u00bb type=\u00a0\u00bbfull_width\u00a0\u00bb angled_section=\u00a0\u00bbno\u00a0\u00bb text_align=\u00a0\u00bbleft\u00a0\u00bb background_image_as_pattern=\u00a0\u00bbwithout_pattern\u00a0\u00bb css=\u00a0\u00bb.vc_custom_1672663838481{background-image: url(https:\/\/www.kappadata.be\/wp-content\/uploads\/2022\/11\/Fotos-banners-overlay-02.jpg?id=13239) !important;}\u00a0\u00bb z_index=\u00a0\u00bb\u00a0\u00bb][vc_column][qode_elements_holder number_of_columns=\u00a0\u00bbone_column\u00a0\u00bb][qode_elements_holder_item advanced_animations=\u00a0\u00bbno\u00a0\u00bb item_padding=\u00a0\u00bb5% 10% 10% 10%\u00a0\u00bb][vc_column_text] ExperTechno [\/vc_column_text][vc_empty_space height=\u00a0\u00bb80px\u00a0\u00bb el_class=\u00a0\u00bbonlyphone\u00a0\u00bb][\/qode_elements_holder_item][\/qode_elements_holder][\/vc_column][\/vc_row][vc_row css_animation=\u00a0\u00bb\u00a0\u00bb row_type=\u00a0\u00bbrow\u00a0\u00bb use_row_as_full_screen_section=\u00a0\u00bbno\u00a0\u00bb type=\u00a0\u00bbgrid\u00a0\u00bb angled_section=\u00a0\u00bbno\u00a0\u00bb text_align=\u00a0\u00bbleft\u00a0\u00bb background_image_as_pattern=\u00a0\u00bbwithout_pattern\u00a0\u00bb z_index=\u00a0\u00bb\u00a0\u00bb background_color=\u00a0\u00bb#f3f3f3&Prime; padding_top=\u00a0\u00bb20&Prime;][vc_column css=\u00a0\u00bb.vc_custom_1604417126393{margin-top: -100px !important;}\u00a0\u00bb][qode_elements_holder number_of_columns=\u00a0\u00bbone_column\u00a0\u00bb][qode_elements_holder_item horizontal_alignment=\u00a0\u00bbleft\u00a0\u00bb advanced_animations=\u00a0\u00bbno\u00a0\u00bb custom_class=\u00a0\u00bbcardstatic\u00a0\u00bb background_color=\u00a0\u00bb#ffffff\u00a0\u00bb item_padding=\u00a0\u00bb5% 10% 5% 10%\u00a0\u00bb][vc_empty_space height=\u00a0\u00bb20px\u00a0\u00bb][vc_column_text]&#8230;<\/p>\n","protected":false},"author":4,"featured_media":0,"parent":2172,"menu_order":0,"comment_status":"closed","ping_status":"closed","template":"full_width.php","meta":{"_acf_changed":false,"footnotes":""},"class_list":["post-18817","page","type-page","status-publish","hentry"],"acf":[],"yoast_head":"<!-- This site is optimized with the Yoast SEO plugin v27.3 - https:\/\/yoast.com\/product\/yoast-seo-wordpress\/ -->\n<title>ExperTechno | Kappa Data<\/title>\n<meta name=\"description\" content=\"Kappa Data est votre sp\u00e9cialiste dans la cr\u00e9ation d&#039;appareils et pr\u00eat \u00e0 vous offrir des services et solutions sur mesure avec ExperTechno !\" \/>\n<meta name=\"robots\" content=\"index, follow, max-snippet:-1, max-image-preview:large, max-video-preview:-1\" \/>\n<link rel=\"canonical\" href=\"https:\/\/www.kappadata.be\/fr\/expertise\/expertechno\/\" \/>\n<meta property=\"og:locale\" content=\"fr_FR\" \/>\n<meta property=\"og:type\" content=\"article\" \/>\n<meta property=\"og:title\" content=\"ExperTechno | Kappa Data\" \/>\n<meta property=\"og:description\" content=\"Kappa Data est votre sp\u00e9cialiste dans la cr\u00e9ation d&#039;appareils et pr\u00eat \u00e0 vous offrir des services et solutions sur mesure avec ExperTechno !\" \/>\n<meta property=\"og:url\" content=\"https:\/\/www.kappadata.be\/fr\/expertise\/expertechno\/\" \/>\n<meta property=\"og:site_name\" content=\"info@lincelot.com\" \/>\n<meta property=\"article:modified_time\" content=\"2025-12-30T09:36:51+00:00\" \/>\n<meta name=\"twitter:card\" content=\"summary_large_image\" \/>\n<meta name=\"twitter:label1\" content=\"Dur\u00e9e de lecture estim\u00e9e\" \/>\n\t<meta name=\"twitter:data1\" content=\"4 minutes\" \/>\n<script type=\"application\/ld+json\" class=\"yoast-schema-graph\">{\"@context\":\"https:\\\/\\\/schema.org\",\"@graph\":[{\"@type\":\"WebPage\",\"@id\":\"https:\\\/\\\/www.kappadata.be\\\/fr\\\/expertise\\\/expertechno\\\/\",\"url\":\"https:\\\/\\\/www.kappadata.be\\\/fr\\\/expertise\\\/expertechno\\\/\",\"name\":\"ExperTechno | Kappa Data\",\"isPartOf\":{\"@id\":\"https:\\\/\\\/www.kappadata.be\\\/#website\"},\"datePublished\":\"2023-11-27T10:22:11+00:00\",\"dateModified\":\"2025-12-30T09:36:51+00:00\",\"description\":\"Kappa Data est votre sp\u00e9cialiste dans la cr\u00e9ation d'appareils et pr\u00eat \u00e0 vous offrir des services et solutions sur mesure avec ExperTechno !\",\"breadcrumb\":{\"@id\":\"https:\\\/\\\/www.kappadata.be\\\/fr\\\/expertise\\\/expertechno\\\/#breadcrumb\"},\"inLanguage\":\"fr-FR\",\"potentialAction\":[{\"@type\":\"ReadAction\",\"target\":[\"https:\\\/\\\/www.kappadata.be\\\/fr\\\/expertise\\\/expertechno\\\/\"]}]},{\"@type\":\"BreadcrumbList\",\"@id\":\"https:\\\/\\\/www.kappadata.be\\\/fr\\\/expertise\\\/expertechno\\\/#breadcrumb\",\"itemListElement\":[{\"@type\":\"ListItem\",\"position\":1,\"name\":\"Home\",\"item\":\"https:\\\/\\\/www.kappadata.be\\\/fr\\\/\"},{\"@type\":\"ListItem\",\"position\":2,\"name\":\"Notre expertise\",\"item\":\"https:\\\/\\\/www.kappadata.be\\\/fr\\\/expertise\\\/\"},{\"@type\":\"ListItem\",\"position\":3,\"name\":\"ExperTechno\"}]},{\"@type\":\"WebSite\",\"@id\":\"https:\\\/\\\/www.kappadata.be\\\/#website\",\"url\":\"https:\\\/\\\/www.kappadata.be\\\/\",\"name\":\"info@lincelot.com\",\"description\":\"The Art of IT-infrastucture, security an IoT distribution\",\"potentialAction\":[{\"@type\":\"SearchAction\",\"target\":{\"@type\":\"EntryPoint\",\"urlTemplate\":\"https:\\\/\\\/www.kappadata.be\\\/?s={search_term_string}\"},\"query-input\":{\"@type\":\"PropertyValueSpecification\",\"valueRequired\":true,\"valueName\":\"search_term_string\"}}],\"inLanguage\":\"fr-FR\"}]}<\/script>\n<!-- \/ Yoast SEO plugin. -->","yoast_head_json":{"title":"ExperTechno | Kappa Data","description":"Kappa Data est votre sp\u00e9cialiste dans la cr\u00e9ation d'appareils et pr\u00eat \u00e0 vous offrir des services et solutions sur mesure avec ExperTechno !","robots":{"index":"index","follow":"follow","max-snippet":"max-snippet:-1","max-image-preview":"max-image-preview:large","max-video-preview":"max-video-preview:-1"},"canonical":"https:\/\/www.kappadata.be\/fr\/expertise\/expertechno\/","og_locale":"fr_FR","og_type":"article","og_title":"ExperTechno | Kappa Data","og_description":"Kappa Data est votre sp\u00e9cialiste dans la cr\u00e9ation d'appareils et pr\u00eat \u00e0 vous offrir des services et solutions sur mesure avec ExperTechno !","og_url":"https:\/\/www.kappadata.be\/fr\/expertise\/expertechno\/","og_site_name":"info@lincelot.com","article_modified_time":"2025-12-30T09:36:51+00:00","twitter_card":"summary_large_image","twitter_misc":{"Dur\u00e9e de lecture estim\u00e9e":"4 minutes"},"schema":{"@context":"https:\/\/schema.org","@graph":[{"@type":"WebPage","@id":"https:\/\/www.kappadata.be\/fr\/expertise\/expertechno\/","url":"https:\/\/www.kappadata.be\/fr\/expertise\/expertechno\/","name":"ExperTechno | Kappa Data","isPartOf":{"@id":"https:\/\/www.kappadata.be\/#website"},"datePublished":"2023-11-27T10:22:11+00:00","dateModified":"2025-12-30T09:36:51+00:00","description":"Kappa Data est votre sp\u00e9cialiste dans la cr\u00e9ation d'appareils et pr\u00eat \u00e0 vous offrir des services et solutions sur mesure avec ExperTechno !","breadcrumb":{"@id":"https:\/\/www.kappadata.be\/fr\/expertise\/expertechno\/#breadcrumb"},"inLanguage":"fr-FR","potentialAction":[{"@type":"ReadAction","target":["https:\/\/www.kappadata.be\/fr\/expertise\/expertechno\/"]}]},{"@type":"BreadcrumbList","@id":"https:\/\/www.kappadata.be\/fr\/expertise\/expertechno\/#breadcrumb","itemListElement":[{"@type":"ListItem","position":1,"name":"Home","item":"https:\/\/www.kappadata.be\/fr\/"},{"@type":"ListItem","position":2,"name":"Notre expertise","item":"https:\/\/www.kappadata.be\/fr\/expertise\/"},{"@type":"ListItem","position":3,"name":"ExperTechno"}]},{"@type":"WebSite","@id":"https:\/\/www.kappadata.be\/#website","url":"https:\/\/www.kappadata.be\/","name":"info@lincelot.com","description":"The Art of IT-infrastucture, security an IoT distribution","potentialAction":[{"@type":"SearchAction","target":{"@type":"EntryPoint","urlTemplate":"https:\/\/www.kappadata.be\/?s={search_term_string}"},"query-input":{"@type":"PropertyValueSpecification","valueRequired":true,"valueName":"search_term_string"}}],"inLanguage":"fr-FR"}]}},"_links":{"self":[{"href":"https:\/\/www.kappadata.be\/fr\/wp-json\/wp\/v2\/pages\/18817","targetHints":{"allow":["GET"]}}],"collection":[{"href":"https:\/\/www.kappadata.be\/fr\/wp-json\/wp\/v2\/pages"}],"about":[{"href":"https:\/\/www.kappadata.be\/fr\/wp-json\/wp\/v2\/types\/page"}],"author":[{"embeddable":true,"href":"https:\/\/www.kappadata.be\/fr\/wp-json\/wp\/v2\/users\/4"}],"replies":[{"embeddable":true,"href":"https:\/\/www.kappadata.be\/fr\/wp-json\/wp\/v2\/comments?post=18817"}],"version-history":[{"count":8,"href":"https:\/\/www.kappadata.be\/fr\/wp-json\/wp\/v2\/pages\/18817\/revisions"}],"predecessor-version":[{"id":30404,"href":"https:\/\/www.kappadata.be\/fr\/wp-json\/wp\/v2\/pages\/18817\/revisions\/30404"}],"up":[{"embeddable":true,"href":"https:\/\/www.kappadata.be\/fr\/wp-json\/wp\/v2\/pages\/2172"}],"wp:attachment":[{"href":"https:\/\/www.kappadata.be\/fr\/wp-json\/wp\/v2\/media?parent=18817"}],"curies":[{"name":"wp","href":"https:\/\/api.w.org\/{rel}","templated":true}]}}